{"id":19,"date":"2024-06-11T19:17:02","date_gmt":"2024-06-11T17:17:02","guid":{"rendered":"http:\/\/localhost\/Roessli-Baechli.ch\/wordpress\/?page_id=19"},"modified":"2024-06-11T19:17:02","modified_gmt":"2024-06-11T17:17:02","slug":"impressum","status":"publish","type":"page","link":"https:\/\/roessli-baechli.ch\/index.php\/impressum\/","title":{"rendered":"Impressum"},"content":{"rendered":"\n<h2 class=\"wp-block-heading\">Kontaktadresse<\/h2>\n\n\n\n<p>Restaurant R\u00f6ssli B\u00e4chli<br>B\u00e4chlistrasse 67<br>9633 B\u00e4chli (Hemberg)<br>071 377 11 85<br>info@roessli-baechli.ch<\/p>\n\n\n\n<h2 class=\"wp-block-heading\">Konzept, Design und Umsetzung<\/h2>\n\n\n\n<p>Thomas Br\u00e4ndle<\/p>\n\n\n\n<p><a href=\"http:\/\/www.thomas-braendle.com\" target=\"_blank\" rel=\"noreferrer noopener\">www.thomas-braendle.com<\/a><\/p>\n\n\n\n<h2 class=\"wp-block-heading\">Copyright<\/h2>\n\n\n\n<p>S\u00e4mtliche auf www.roessli-baechli.ch verwendeten Inhalte d\u00fcrfen weder kopiert noch anderweitig verwendet werden. Das Copyright liegt bei Restaurant R\u00f6ssli B\u00e4chli.<\/p>\n","protected":false},"excerpt":{"rendered":"<p>Kontaktadresse Restaurant R\u00f6ssli B\u00e4chliB\u00e4chlistrasse 679633 B\u00e4chli (Hemberg)071 377 11 85info@roessli-baechli.ch Konzept, Design und Umsetzung Thomas Br\u00e4ndle www.thomas-braendle.com Copyright S\u00e4mtliche auf www.roessli-baechli.ch verwendeten Inhalte d\u00fcrfen weder kopiert noch anderweitig verwendet werden. Das Copyright liegt bei Restaurant R\u00f6ssli B\u00e4chli.<\/p>\n","protected":false},"author":1,"featured_media":0,"parent":0,"menu_order":0,"comment_status":"closed","ping_status":"closed","template":"page-leer.php","meta":{"footnotes":""},"class_list":["post-19","page","type-page","status-publish","hentry"],"_links":{"self":[{"href":"https:\/\/roessli-baechli.ch\/index.php\/wp-json\/wp\/v2\/pages\/19","targetHints":{"allow":["GET"]}}],"collection":[{"href":"https:\/\/roessli-baechli.ch\/index.php\/wp-json\/wp\/v2\/pages"}],"about":[{"href":"https:\/\/roessli-baechli.ch\/index.php\/wp-json\/wp\/v2\/types\/page"}],"author":[{"embeddable":true,"href":"https:\/\/roessli-baechli.ch\/index.php\/wp-json\/wp\/v2\/users\/1"}],"replies":[{"embeddable":true,"href":"https:\/\/roessli-baechli.ch\/index.php\/wp-json\/wp\/v2\/comments?post=19"}],"version-history":[{"count":0,"href":"https:\/\/roessli-baechli.ch\/index.php\/wp-json\/wp\/v2\/pages\/19\/revisions"}],"wp:attachment":[{"href":"https:\/\/roessli-baechli.ch\/index.php\/wp-json\/wp\/v2\/media?parent=19"}],"curies":[{"name":"wp","href":"https:\/\/api.w.org\/{rel}","templated":true}]}}