{"id":353,"date":"2024-06-11T19:17:02","date_gmt":"2024-06-11T17:17:02","guid":{"rendered":"http:\/\/localhost\/Roessli-Baechli.ch\/wordpress\/?page_id=6"},"modified":"2025-12-14T09:37:24","modified_gmt":"2025-12-14T09:37:24","slug":"restaurant","status":"publish","type":"page","link":"https:\/\/roessli-baechli.ch\/index.php\/restaurant\/","title":{"rendered":"Restaurant"},"content":{"rendered":"\n<h2 class=\"wp-block-heading has-text-align-center\">Ein Ort zum geniessen und schlafen &#8211; Unser Restaurant<\/h2>\n\n\n\n<p>Willkommen !<\/p>\n\n\n\n<p><br>Unser Restaurant im kleinen Dorf B\u00e4chli (Hemberg) ist ein Treffpunkt f\u00fcr G\u00e4ste von Nah und Fern. Wir verw\u00f6hnen unsere G\u00e4ste mit liebevoll zubereiteten Men\u00fcs aus mehrheitlich saisonalen Produkten, die wir bevorzugt aus der Region beziehen. Weiterhin werden auch die bisher traditionellen Gerichte erhalten bleiben. Von Kutteln bis zu den wunderbaren \u201eH\u00e4rd\u00f6pfelwaffle\u201c, die bei uns nach dem P\u00e4chterwechsel erhalten bleiben.<\/p>\n\n\n\n<p>Geniessen Sie in unseren nostalgischen R\u00e4umlichkeiten Ihre private Feier, gesch\u00e4ftliche Feier oder Bankette jeglicher Art. Wir stellen f\u00fcr Sie gerne pers\u00f6nlich ein individuelles Arrangement zusammen, das Ihren W\u00fcnschen und Vorlieben entspricht.<\/p>\n\n\n\n<p>In unseren Zimmern bieten wir eine ruhige, erholsame Zeit mit Blick in die Natur und zur Umgebung. Ideal f\u00fcr einen kurzen Aufenthalt nach einem Fest oder eine kleine Auszeit f\u00fcr das eigene Wohl.<\/p>\n\n\n\n<div class=\"wp-block-file\"><a id=\"wp-block-file--media-113afcfb-86af-48fa-866a-a4f33fbc09ae\" href=\"https:\/\/roessli-baechli.ch\/wp-content\/uploads\/2025\/12\/Winterkarte-1.pdf\" target=\"_blank\" rel=\"noreferrer noopener\">Winterkarte<\/a><\/div>\n\n\n\n<figure class=\"wp-block-gallery has-nested-images columns-default is-cropped wp-block-gallery-1 is-layout-flex wp-block-gallery-is-layout-flex\">\n<figure class=\"wp-block-image size-large\"><a href=\"https:\/\/roessli-baechli.ch\/wp-content\/uploads\/2024\/11\/Screenshot-2024-02-12-182053.png\"><img loading=\"lazy\" decoding=\"async\" width=\"1024\" height=\"768\" data-id=\"211\" src=\"https:\/\/roessli-baechli.ch\/wp-content\/uploads\/2024\/11\/Screenshot-2024-02-12-182053-1024x768.png\" alt=\"\" class=\"wp-image-211\" srcset=\"https:\/\/roessli-baechli.ch\/wp-content\/uploads\/2024\/11\/Screenshot-2024-02-12-182053-1024x768.png 1024w, https:\/\/roessli-baechli.ch\/wp-content\/uploads\/2024\/11\/Screenshot-2024-02-12-182053-300x225.png 300w, https:\/\/roessli-baechli.ch\/wp-content\/uploads\/2024\/11\/Screenshot-2024-02-12-182053-768x576.png 768w, https:\/\/roessli-baechli.ch\/wp-content\/uploads\/2024\/11\/Screenshot-2024-02-12-182053.png 1137w\" sizes=\"auto, (max-width: 1024px) 100vw, 1024px\" \/><\/a><\/figure>\n\n\n\n<figure class=\"wp-block-image size-large\"><a href=\"https:\/\/roessli-baechli.ch\/wp-content\/uploads\/2024\/11\/Screenshot-2024-02-12-182015.png\"><img loading=\"lazy\" decoding=\"async\" width=\"1024\" height=\"763\" data-id=\"209\" src=\"https:\/\/roessli-baechli.ch\/wp-content\/uploads\/2024\/11\/Screenshot-2024-02-12-182015-1024x763.png\" alt=\"\" class=\"wp-image-209\" srcset=\"https:\/\/roessli-baechli.ch\/wp-content\/uploads\/2024\/11\/Screenshot-2024-02-12-182015-1024x763.png 1024w, https:\/\/roessli-baechli.ch\/wp-content\/uploads\/2024\/11\/Screenshot-2024-02-12-182015-300x223.png 300w, https:\/\/roessli-baechli.ch\/wp-content\/uploads\/2024\/11\/Screenshot-2024-02-12-182015-768x572.png 768w, https:\/\/roessli-baechli.ch\/wp-content\/uploads\/2024\/11\/Screenshot-2024-02-12-182015.png 1144w\" sizes=\"auto, (max-width: 1024px) 100vw, 1024px\" \/><\/a><\/figure>\n\n\n\n<figure class=\"wp-block-image size-large\"><a href=\"https:\/\/roessli-baechli.ch\/wp-content\/uploads\/2024\/11\/Screenshot-2024-02-12-182239.png\"><img loading=\"lazy\" decoding=\"async\" width=\"1024\" height=\"768\" data-id=\"215\" src=\"https:\/\/roessli-baechli.ch\/wp-content\/uploads\/2024\/11\/Screenshot-2024-02-12-182239-1024x768.png\" alt=\"\" class=\"wp-image-215\" srcset=\"https:\/\/roessli-baechli.ch\/wp-content\/uploads\/2024\/11\/Screenshot-2024-02-12-182239-1024x768.png 1024w, https:\/\/roessli-baechli.ch\/wp-content\/uploads\/2024\/11\/Screenshot-2024-02-12-182239-300x225.png 300w, https:\/\/roessli-baechli.ch\/wp-content\/uploads\/2024\/11\/Screenshot-2024-02-12-182239-768x576.png 768w, https:\/\/roessli-baechli.ch\/wp-content\/uploads\/2024\/11\/Screenshot-2024-02-12-182239.png 1139w\" sizes=\"auto, (max-width: 1024px) 100vw, 1024px\" \/><\/a><\/figure>\n\n\n\n<figure class=\"wp-block-image size-large\"><a href=\"https:\/\/roessli-baechli.ch\/wp-content\/uploads\/2024\/11\/Screenshot-2024-02-12-182030.png\"><img loading=\"lazy\" decoding=\"async\" width=\"1024\" height=\"768\" data-id=\"210\" src=\"https:\/\/roessli-baechli.ch\/wp-content\/uploads\/2024\/11\/Screenshot-2024-02-12-182030-1024x768.png\" alt=\"\" class=\"wp-image-210\" srcset=\"https:\/\/roessli-baechli.ch\/wp-content\/uploads\/2024\/11\/Screenshot-2024-02-12-182030-1024x768.png 1024w, https:\/\/roessli-baechli.ch\/wp-content\/uploads\/2024\/11\/Screenshot-2024-02-12-182030-300x225.png 300w, https:\/\/roessli-baechli.ch\/wp-content\/uploads\/2024\/11\/Screenshot-2024-02-12-182030-768x576.png 768w, https:\/\/roessli-baechli.ch\/wp-content\/uploads\/2024\/11\/Screenshot-2024-02-12-182030.png 1143w\" sizes=\"auto, (max-width: 1024px) 100vw, 1024px\" \/><\/a><\/figure>\n\n\n\n<figure class=\"wp-block-image size-large\"><a href=\"https:\/\/roessli-baechli.ch\/wp-content\/uploads\/2024\/11\/Screenshot-2024-02-12-181955.png\"><img loading=\"lazy\" decoding=\"async\" width=\"1024\" height=\"765\" data-id=\"208\" src=\"https:\/\/roessli-baechli.ch\/wp-content\/uploads\/2024\/11\/Screenshot-2024-02-12-181955-1024x765.png\" alt=\"\" class=\"wp-image-208\" srcset=\"https:\/\/roessli-baechli.ch\/wp-content\/uploads\/2024\/11\/Screenshot-2024-02-12-181955-1024x765.png 1024w, https:\/\/roessli-baechli.ch\/wp-content\/uploads\/2024\/11\/Screenshot-2024-02-12-181955-300x224.png 300w, https:\/\/roessli-baechli.ch\/wp-content\/uploads\/2024\/11\/Screenshot-2024-02-12-181955-768x574.png 768w, https:\/\/roessli-baechli.ch\/wp-content\/uploads\/2024\/11\/Screenshot-2024-02-12-181955.png 1140w\" sizes=\"auto, (max-width: 1024px) 100vw, 1024px\" \/><\/a><\/figure>\n\n\n\n<figure class=\"wp-block-image size-large\"><a href=\"https:\/\/roessli-baechli.ch\/wp-content\/uploads\/2024\/11\/Screenshot-2024-02-12-181934.png\"><img loading=\"lazy\" decoding=\"async\" width=\"1024\" height=\"682\" data-id=\"207\" src=\"https:\/\/roessli-baechli.ch\/wp-content\/uploads\/2024\/11\/Screenshot-2024-02-12-181934-1024x682.png\" alt=\"\" class=\"wp-image-207\" srcset=\"https:\/\/roessli-baechli.ch\/wp-content\/uploads\/2024\/11\/Screenshot-2024-02-12-181934-1024x682.png 1024w, https:\/\/roessli-baechli.ch\/wp-content\/uploads\/2024\/11\/Screenshot-2024-02-12-181934-300x200.png 300w, https:\/\/roessli-baechli.ch\/wp-content\/uploads\/2024\/11\/Screenshot-2024-02-12-181934-768x512.png 768w, https:\/\/roessli-baechli.ch\/wp-content\/uploads\/2024\/11\/Screenshot-2024-02-12-181934.png 1286w\" sizes=\"auto, (max-width: 1024px) 100vw, 1024px\" \/><\/a><\/figure>\n<\/figure>\n\n\n\n<p><\/p>\n","protected":false},"excerpt":{"rendered":"<p>Ein Ort zum geniessen und schlafen &#8211; Unser Restaurant Willkommen ! Unser Restaurant im kleinen Dorf B\u00e4chli (Hemberg) ist ein Treffpunkt f\u00fcr G\u00e4ste von Nah und Fern. Wir verw\u00f6hnen unsere G\u00e4ste mit liebevoll zubereiteten Men\u00fcs aus mehrheitlich saisonalen Produkten, die wir bevorzugt aus der Region beziehen. Weiterhin werden auch die bisher traditionellen Gerichte erhalten bleiben. [&hellip;]<\/p>\n","protected":false},"author":1,"featured_media":0,"parent":0,"menu_order":0,"comment_status":"closed","ping_status":"closed","template":"page-site.php","meta":{"footnotes":""},"class_list":["post-353","page","type-page","status-publish","hentry"],"_links":{"self":[{"href":"https:\/\/roessli-baechli.ch\/index.php\/wp-json\/wp\/v2\/pages\/353","targetHints":{"allow":["GET"]}}],"collection":[{"href":"https:\/\/roessli-baechli.ch\/index.php\/wp-json\/wp\/v2\/pages"}],"about":[{"href":"https:\/\/roessli-baechli.ch\/index.php\/wp-json\/wp\/v2\/types\/page"}],"author":[{"embeddable":true,"href":"https:\/\/roessli-baechli.ch\/index.php\/wp-json\/wp\/v2\/users\/1"}],"replies":[{"embeddable":true,"href":"https:\/\/roessli-baechli.ch\/index.php\/wp-json\/wp\/v2\/comments?post=353"}],"version-history":[{"count":8,"href":"https:\/\/roessli-baechli.ch\/index.php\/wp-json\/wp\/v2\/pages\/353\/revisions"}],"predecessor-version":[{"id":533,"href":"https:\/\/roessli-baechli.ch\/index.php\/wp-json\/wp\/v2\/pages\/353\/revisions\/533"}],"wp:attachment":[{"href":"https:\/\/roessli-baechli.ch\/index.php\/wp-json\/wp\/v2\/media?parent=353"}],"curies":[{"name":"wp","href":"https:\/\/api.w.org\/{rel}","templated":true}]}}